{"id":79,"date":"2020-11-02T22:05:06","date_gmt":"2020-11-02T21:05:06","guid":{"rendered":"http:\/\/e108046.easyhosting.at\/?page_id=79"},"modified":"2020-11-02T22:05:06","modified_gmt":"2020-11-02T21:05:06","slug":"verein","status":"publish","type":"page","link":"https:\/\/website.rc-awr.at\/?page_id=79","title":{"rendered":"Verein"},"content":{"rendered":"<p>Der ARB\u00d6 Wienenergie R\u00f6hsler&amp;Co ist eine bunte Mischung aus Nachwuchs-, Hobby und Lizenzfahrern.<\/p>\n<p>Vom Mountainbiker bis zum Rennradfahrer, vom Cross-Country bis zum Zeitfahrer, unsere Mitglieder decken (fast) alle Facetten des Radsports ab.<\/p>\n<p>Was uns auszeichnet ist die kameradschaftliche Atmosph\u00e4re des Klublebens. Bei den Klubrennen steht das Gemeinschaftliche im Vordergund, erst in zweiter Linie geht es um die Platzierungen.<\/p>\n<p>Bei den unregelm\u00e4\u00dfig stattfindenden Klubausfahrten ist es immer wieder ein Erlebnis, wenn man sieht, welche Aufmerksamkeit die gro\u00dfe Anzahl Radfahrer in der Klubbekleidung auf sich ziehen.<\/p>\n<p>Viele der st\u00e4rkeren Fahrer unterst\u00fctzen die &#8222;schw\u00e4cheren&#8220; mit Tipps f\u00fcr das Training und geben ihr Know how bei Trainingsausfahrten in der Praxis weiter.<\/p>\n<p>&nbsp;<\/p>\n<p><a href=\"http:\/\/e108046.easyhosting.at\/?page_id=85\">Geschichte und Erfolge<\/a><\/p>\n<p><a href=\"http:\/\/e108046.easyhosting.at\/?page_id=81\">Vorwort unseres Obmanns<\/a><\/p>\n<p><a href=\"http:\/\/e108046.easyhosting.at\/?page_id=83\">Vorwort unseres sportlichen Leiters<\/a><\/p>\n<p>&nbsp;<\/p>\n","protected":false},"excerpt":{"rendered":"<p>Der ARB&Ouml; Wienenergie R&ouml;hsler&amp;Co ist eine bunte Mischung aus Nachwuchs-, Hobby und Lizenzfahrern. Vom Mountainbiker bis zum Rennradfahrer, vom Cross-Country bis zum Zeitfahrer, unsere Mitglieder decken (fast) alle Facetten des<\/p>\n","protected":false},"author":1,"featured_media":0,"parent":0,"menu_order":0,"comment_status":"closed","ping_status":"closed","template":"","meta":[],"_links":{"self":[{"href":"https:\/\/website.rc-awr.at\/index.php?rest_route=\/wp\/v2\/pages\/79"}],"collection":[{"href":"https:\/\/website.rc-awr.at\/index.php?rest_route=\/wp\/v2\/pages"}],"about":[{"href":"https:\/\/website.rc-awr.at\/index.php?rest_route=\/wp\/v2\/types\/page"}],"author":[{"embeddable":true,"href":"https:\/\/website.rc-awr.at\/index.php?rest_route=\/wp\/v2\/users\/1"}],"replies":[{"embeddable":true,"href":"https:\/\/website.rc-awr.at\/index.php?rest_route=%2Fwp%2Fv2%2Fcomments&post=79"}],"version-history":[{"count":0,"href":"https:\/\/website.rc-awr.at\/index.php?rest_route=\/wp\/v2\/pages\/79\/revisions"}],"wp:attachment":[{"href":"https:\/\/website.rc-awr.at\/index.php?rest_route=%2Fwp%2Fv2%2Fmedia&parent=79"}],"curies":[{"name":"wp","href":"https:\/\/api.w.org\/{rel}","templated":true}]}}