{"id":81,"date":"2020-11-02T22:06:02","date_gmt":"2020-11-02T21:06:02","guid":{"rendered":"http:\/\/e108046.easyhosting.at\/?page_id=81"},"modified":"2021-07-09T15:06:39","modified_gmt":"2021-07-09T13:06:39","slug":"vorwort-des-obmanns","status":"publish","type":"page","link":"https:\/\/website.rc-awr.at\/?page_id=81","title":{"rendered":"Vorwort des Obmanns"},"content":{"rendered":"<p>Was schreibt man als Obmann eines Klubs, den man 2003 mitgegr\u00fcndet hat auf die neue Klub-Homepage?<\/p>\n<p>Diese Frage hat mich sehr besch\u00e4ftigt!<\/p>\n<p>Was zeichnet den RC ARB\u00d6 Wienenergie R\u00f6hsler&amp;Co, kurz AWR, aus, was macht ihn zu etwas Besonderem?<\/p>\n<p>Warum macht es immer noch Spa\u00df bei diesem Klub mit zu arbeiten?<\/p>\n<p>Es ist wohl die Kombination aus der Einstellung zum Radsport und der Mischung unserer Mitglieder. Vom erfahrenen MTB Crack bis zum Nachwuchs-Rennfahrer, vom Langdistanz-Fahrer bis zum Sprinter-K\u00f6nig auf der Radbahn, vom Bergfloh zum Zeitfahr-Spezialisten, bei uns ist alles vertreten! Jeder gibt in seinem Leistungsbereich sein Bestes und das wird von allen anerkannt.<\/p>\n<p>Was uns ebenso auszeichnet, ist die Bereitschaft aller Mitglieder zur Zusammenarbeit, ob bei Klubinternen Veranstaltungen oder bei der Organisation und Durchf\u00fchrung von nationalen Rennen. Der Teamgeist wird beim AWR hochgehalten und niemand ist sich f\u00fcr etwas zu schade.<\/p>\n<p>Die sportlichen Erfolge der letzten Jahre k\u00f6nnen sich sehen lassen, bei Landes- und nationalen Meisterschaften, bei den Betriebssport Europameisterschaften, bei international besetzten Rennen, Marathons, Rennserien und gro\u00dfen Einzel-Veranstaltungen stehen die AWR-Fahrer regelm\u00e4\u00dfig am Podium und scheinen in den Ergebnislisten auf.<\/p>\n<p>Das freut nat\u00fcrlich auch unsere Sponsoren, ohne die es nicht m\u00f6glich ist, die Mitglieder bei ihrem Sport so zu unterst\u00fctzen. An dieser Stelle ein Dankesch\u00f6n an alle Unterst\u00fctzer des AWR!<\/p>\n<p>Somit ist die Antwort auf die anfangs gestellte Frage einfach:<\/p>\n<p>WEIL DER RC ARB\u00d6 WIENENERGIE R\u00d6HSLER&amp;CO SO IST WIE ER IST!<\/p>\n<p>Josef Meyer<\/p>\n","protected":false},"excerpt":{"rendered":"<p>Was schreibt man als Obmann eines Klubs, den man 2003 mitgegr&uuml;ndet hat auf die neue Klub-Homepage? Diese Frage hat mich sehr besch&auml;ftigt! Was zeichnet den RC ARB&Ouml; Wienenergie R&ouml;hsler&amp;Co, kurz<\/p>\n","protected":false},"author":1,"featured_media":0,"parent":79,"menu_order":0,"comment_status":"closed","ping_status":"closed","template":"","meta":[],"_links":{"self":[{"href":"https:\/\/website.rc-awr.at\/index.php?rest_route=\/wp\/v2\/pages\/81"}],"collection":[{"href":"https:\/\/website.rc-awr.at\/index.php?rest_route=\/wp\/v2\/pages"}],"about":[{"href":"https:\/\/website.rc-awr.at\/index.php?rest_route=\/wp\/v2\/types\/page"}],"author":[{"embeddable":true,"href":"https:\/\/website.rc-awr.at\/index.php?rest_route=\/wp\/v2\/users\/1"}],"replies":[{"embeddable":true,"href":"https:\/\/website.rc-awr.at\/index.php?rest_route=%2Fwp%2Fv2%2Fcomments&post=81"}],"version-history":[{"count":1,"href":"https:\/\/website.rc-awr.at\/index.php?rest_route=\/wp\/v2\/pages\/81\/revisions"}],"predecessor-version":[{"id":418,"href":"https:\/\/website.rc-awr.at\/index.php?rest_route=\/wp\/v2\/pages\/81\/revisions\/418"}],"up":[{"embeddable":true,"href":"https:\/\/website.rc-awr.at\/index.php?rest_route=\/wp\/v2\/pages\/79"}],"wp:attachment":[{"href":"https:\/\/website.rc-awr.at\/index.php?rest_route=%2Fwp%2Fv2%2Fmedia&parent=81"}],"curies":[{"name":"wp","href":"https:\/\/api.w.org\/{rel}","templated":true}]}}